{"id":11,"date":"2022-04-26T02:08:38","date_gmt":"2022-04-26T02:08:38","guid":{"rendered":"https:\/\/impreza48.us-themes.com\/?page_id=11"},"modified":"2026-03-08T07:12:09","modified_gmt":"2026-03-08T07:12:09","slug":"home","status":"publish","type":"page","link":"https:\/\/herrerasilvacontadores.com\/sitioweb\/","title":{"rendered":"Home"},"content":{"rendered":"<section class=\"l-section wpb_row height_large\"><div class=\"l-section-h i-cf\"><div class=\"g-cols vc_row via_grid cols_1 laptops-cols_inherit tablets-cols_inherit mobiles-cols_1 valign_top type_default stacking_default\"><div class=\"wpb_column vc_column_container\"><div class=\"vc_column-inner\"><div class=\"wpb_text_column us_custom_2e9da019\"><div class=\"wpb_wrapper\"><h2 style=\"text-align: center;\">\u00bfNecesitas un Contador?<\/h2>\n<p style=\"text-align: center;\"><span>En Herrera Silva Contadores SC brindamos servicios profesionales de auditoria, contabilidad, impuestos, asesor\u00eda financiera.\u00a0<\/span><\/p>\n<\/div><\/div><div class=\"w-separator size_medium\"><\/div><div class=\"g-cols wpb_row via_grid cols_4 laptops-cols_2 tablets-cols_2 mobiles-cols_1 valign_top type_default stacking_default\" style=\"--columns-gap:3rem;\"><div class=\"wpb_column vc_column_container\"><div class=\"vc_column-inner\"><div class=\"w-counter us_custom_c7535da0 color_primary align_center has_font_size\" data-duration=\"2\"><div class=\"w-counter-value\"><span class=\"w-counter-value-part type_text\" data-final=\"\"><\/span><span class=\"w-counter-value-part type_number\" data-final=\"99\">1<\/span><span class=\"w-counter-value-part type_text\" data-final=\"%\">%<\/span><\/div><h6 class=\"w-counter-title\" style=\"font-weight:500;\">Clientes Satisfechos<\/h6><\/div><\/div><\/div><div class=\"wpb_column vc_column_container\"><div class=\"vc_column-inner\"><div class=\"w-counter us_custom_c7535da0 color_primary align_center has_font_size\" data-duration=\"2\"><div class=\"w-counter-value\"><span class=\"w-counter-value-part type_text\" data-final=\"\"><\/span><span class=\"w-counter-value-part type_number\" data-final=\"146\">0<\/span><span class=\"w-counter-value-part type_text\" data-final=\"K\"><\/span><\/div><h6 class=\"w-counter-title\" style=\"font-weight:500;\">Facturaciones<\/h6><\/div><\/div><\/div><div class=\"wpb_column vc_column_container\"><div class=\"vc_column-inner\"><div class=\"w-counter us_custom_c7535da0 color_primary align_center has_font_size\" data-duration=\"2\"><div class=\"w-counter-value\"><span class=\"w-counter-value-part type_text\" data-final=\"+\"><\/span><span class=\"w-counter-value-part type_number\" data-final=\"15\">0<\/span><span class=\"w-counter-value-part type_text\" data-final=\"K\"><\/span><\/div><h6 class=\"w-counter-title\" style=\"font-weight:500;\">Declaraciones<\/h6><\/div><\/div><\/div><div class=\"wpb_column vc_column_container\"><div class=\"vc_column-inner\"><div class=\"w-counter us_custom_c7535da0 color_primary align_center has_font_size\" data-duration=\"2\"><div class=\"w-counter-value\"><span class=\"w-counter-value-part type_text\" data-final=\"\"><\/span><span class=\"w-counter-value-part type_number\" data-final=\"543\">0<\/span><span class=\"w-counter-value-part type_text\" data-final=\"\"><\/span><\/div><h6 class=\"w-counter-title\" style=\"font-weight:500;\">Sellos Digitales<\/h6><\/div><\/div><\/div><\/div><\/div><\/div><\/div><\/div><\/section><section class=\"l-section wpb_row height_large\"><div class=\"l-section-h i-cf\"><div class=\"g-cols vc_row via_grid cols_1-2 laptops-cols_inherit tablets-cols_1 mobiles-cols_1 valign_top type_default stacking_default\" style=\"--columns-gap:4vw;\"><div class=\"wpb_column vc_column_container\"><div class=\"vc_column-inner\"><div class=\"wpb_text_column\"><div class=\"wpb_wrapper\"><h2>Servicios<\/h2>\n<p>En <strong data-start=\"123\" data-end=\"156\">Herrera Silva Contadores S.C.<\/strong> ofrecemos soluciones contables y fiscales integrales para personas f\u00edsicas y morales, brindando asesor\u00eda profesional y apoyo en el cumplimiento de sus obligaciones.<\/p>\n<\/div><\/div><\/div><\/div><div class=\"wpb_column vc_column_container\"><div class=\"vc_column-inner\"><div class=\"w-tabs style_default switch_click accordion remove_indents\" style=\"--sections-title-size:30px\"><div class=\"w-tabs-sections titles-align_none icon_plus cpos_right\"><div class=\"w-tabs-section\" id=\"lbbb\"><button class=\"w-tabs-section-header with_icon\" aria-controls=\"content-lbbb\" aria-expanded=\"false\"><i class=\"fas fa-layer-group\"><\/i><h3 class=\"w-tabs-section-title\">Declaraciones<\/h3><div class=\"w-tabs-section-control\"><\/div><\/button><div  class=\"w-tabs-section-content\" id=\"content-lbbb\"><div class=\"w-tabs-section-content-h i-cf\"><div class=\"wpb_text_column\"><div class=\"wpb_wrapper\"><p>Elaboraci\u00f3n y presentaci\u00f3n de declaraciones fiscales mensuales y anuales, asegurando el correcto c\u00e1lculo y pago de impuestos ante las autoridades correspondientes.<\/p>\n<\/div><\/div><\/div><\/div><\/div><div class=\"w-tabs-section\" id=\"mc41\"><button class=\"w-tabs-section-header with_icon\" aria-controls=\"content-mc41\" aria-expanded=\"false\"><i class=\"fas fa-layer-group\"><\/i><h3 class=\"w-tabs-section-title\">Facturaci\u00f3n<\/h3><div class=\"w-tabs-section-control\"><\/div><\/button><div  class=\"w-tabs-section-content\" id=\"content-mc41\"><div class=\"w-tabs-section-content-h i-cf\"><div class=\"wpb_text_column\"><div class=\"wpb_wrapper\"><p>Asesor\u00eda y apoyo en la emisi\u00f3n de facturas electr\u00f3nicas (CFDI), cumpliendo con todos los requisitos fiscales establecidos por la ley.<\/p>\n<\/div><\/div><\/div><\/div><\/div><div class=\"w-tabs-section\" id=\"fcb6\"><button class=\"w-tabs-section-header with_icon\" aria-controls=\"content-fcb6\" aria-expanded=\"false\"><i class=\"fas fa-layer-group\"><\/i><h3 class=\"w-tabs-section-title\">Sellos Digitales<\/h3><div class=\"w-tabs-section-control\"><\/div><\/button><div  class=\"w-tabs-section-content\" id=\"content-fcb6\"><div class=\"w-tabs-section-content-h i-cf\"><div class=\"wpb_text_column\"><div class=\"wpb_wrapper\"><p>Tramitaci\u00f3n y gesti\u00f3n de certificados de sello digital necesarios para la emisi\u00f3n de facturas electr\u00f3nicas de forma segura y oficial.<\/p>\n<\/div><\/div><\/div><\/div><\/div><div class=\"w-tabs-section\" id=\"yd27\"><button class=\"w-tabs-section-header with_icon\" aria-controls=\"content-yd27\" aria-expanded=\"false\"><i class=\"fas fa-layer-group\"><\/i><h3 class=\"w-tabs-section-title\">Renovaci\u00f3n de E-Firma<\/h3><div class=\"w-tabs-section-control\"><\/div><\/button><div  class=\"w-tabs-section-content\" id=\"content-yd27\"><div class=\"w-tabs-section-content-h i-cf\"><div class=\"wpb_text_column\"><div class=\"wpb_wrapper\"><p>Gesti\u00f3n del tr\u00e1mite para renovar la firma electr\u00f3nica avanzada (e.firma), indispensable para realizar tr\u00e1mites fiscales en l\u00ednea.<\/p>\n<\/div><\/div><\/div><\/div><\/div><div class=\"w-tabs-section\" id=\"wd95\"><button class=\"w-tabs-section-header with_icon\" aria-controls=\"content-wd95\" aria-expanded=\"false\"><i class=\"fas fa-layer-group\"><\/i><h3 class=\"w-tabs-section-title\">Alta y Baja Fiscal<\/h3><div class=\"w-tabs-section-control\"><\/div><\/button><div  class=\"w-tabs-section-content\" id=\"content-wd95\"><div class=\"w-tabs-section-content-h i-cf\"><div class=\"wpb_text_column\"><div class=\"wpb_wrapper\"><p>Registro de personas f\u00edsicas o morales ante la autoridad fiscal para iniciar actividades econ\u00f3micas, as\u00ed como la cancelaci\u00f3n o suspensi\u00f3n de obligaciones cuando sea necesario.<\/p>\n<\/div><\/div><\/div><\/div><\/div><div class=\"w-tabs-section\" id=\"pe00\"><button class=\"w-tabs-section-header with_icon\" aria-controls=\"content-pe00\" aria-expanded=\"false\"><i class=\"fas fa-layer-group\"><\/i><h3 class=\"w-tabs-section-title\">Jubilaciones y Pensiones<\/h3><div class=\"w-tabs-section-control\"><\/div><\/button><div  class=\"w-tabs-section-content\" id=\"content-pe00\"><div class=\"w-tabs-section-content-h i-cf\"><div class=\"wpb_text_column\"><div class=\"wpb_wrapper\"><p>Orientaci\u00f3n y apoyo en tr\u00e1mites relacionados con el retiro laboral, c\u00e1lculo de pensiones y acceso a beneficios correspondientes.<\/p>\n<\/div><\/div><\/div><\/div><\/div><div class=\"w-tabs-section\" id=\"me7b\"><button class=\"w-tabs-section-header with_icon\" aria-controls=\"content-me7b\" aria-expanded=\"false\"><i class=\"fas fa-layer-group\"><\/i><h3 class=\"w-tabs-section-title\">Personas F\u00edsicas y Morales<\/h3><div class=\"w-tabs-section-control\"><\/div><\/button><div  class=\"w-tabs-section-content\" id=\"content-me7b\"><div class=\"w-tabs-section-content-h i-cf\"><div class=\"wpb_text_column\"><div class=\"wpb_wrapper\"><p>Servicios contables y fiscales para profesionistas, comerciantes y trabajadores independientes que requieren cumplir con sus obligaciones fiscales.<\/p>\n<p>Asesor\u00eda contable y fiscal para empresas o sociedades, ayudando a mantener un adecuado control financiero y cumplimiento legal.<\/p>\n<\/div><\/div><\/div><\/div><\/div><div class=\"w-tabs-section\" id=\"df0a\"><button class=\"w-tabs-section-header with_icon\" aria-controls=\"content-df0a\" aria-expanded=\"false\"><i class=\"fas fa-layer-group\"><\/i><h3 class=\"w-tabs-section-title\">Contabilidad<\/h3><div class=\"w-tabs-section-control\"><\/div><\/button><div  class=\"w-tabs-section-content\" id=\"content-df0a\"><div class=\"w-tabs-section-content-h i-cf\"><div class=\"wpb_text_column\"><div class=\"wpb_wrapper\"><p>Registro, control y an\u00e1lisis de las operaciones financieras de empresas y personas, permitiendo conocer su situaci\u00f3n econ\u00f3mica y tomar mejores decisiones.<\/p>\n<\/div><\/div><\/div><\/div><\/div><\/div><\/div><\/div><\/div><\/div><\/div><\/section><section class=\"l-section wpb_row height_auto width_full\"><div class=\"l-section-h i-cf\"><div class=\"g-cols vc_row via_grid cols_3 laptops-cols_inherit tablets-cols_1 mobiles-cols_1 valign_top type_default stacking_default\" style=\"--columns-gap:0rem;\"><div class=\"wpb_column vc_column_container us_custom_b55975ba hide_on_tablets hide_on_mobiles has_bg_color\"><div class=\"vc_column-inner\"><\/div><\/div><\/div><\/div><\/section><section class=\"l-section wpb_row height_auto width_full\"><div class=\"l-section-h i-cf\"><div class=\"g-cols vc_row via_grid cols_2-1 laptops-cols_inherit tablets-cols_1 mobiles-cols_1 valign_top type_default stacking_default\" style=\"--columns-gap:0rem;\"><div class=\"wpb_column vc_column_container us_custom_8f4479a9\"><div class=\"vc_column-inner\"><div class=\"g-cols wpb_row via_grid cols_2 laptops-cols_1 tablets-cols_1 mobiles-cols_1 valign_middle type_default stacking_default\" style=\"--columns-gap:3rem;\"><div class=\"wpb_column vc_column_container\"><div class=\"vc_column-inner\"><div class=\"w-image us_custom_3b26f501 align_none\"><div class=\"w-image-h\"><img decoding=\"async\" width=\"1928\" height=\"2560\" src=\"https:\/\/herrerasilvacontadores.com\/sitioweb\/wp-content\/uploads\/2026\/02\/2-scaled.jpg\" class=\"attachment-full size-full\" alt=\"\" loading=\"lazy\" srcset=\"https:\/\/herrerasilvacontadores.com\/sitioweb\/wp-content\/uploads\/2026\/02\/2-scaled.jpg 1928w, https:\/\/herrerasilvacontadores.com\/sitioweb\/wp-content\/uploads\/2026\/02\/2-226x300.jpg 226w, https:\/\/herrerasilvacontadores.com\/sitioweb\/wp-content\/uploads\/2026\/02\/2-771x1024.jpg 771w\" sizes=\"auto, (max-width: 1928px) 100vw, 1928px\" \/><\/div><\/div><\/div><\/div><div class=\"wpb_column vc_column_container\"><div class=\"vc_column-inner\"><h2 class=\"w-text\"><span class=\"w-text-h\"><span class=\"w-text-value\">Nosotros<\/span><\/span><\/h2><\/div><\/div><\/div><div class=\"wpb_text_column\"><div class=\"wpb_wrapper\"><p><span>En Herrera Silva Contadores SC brindamos servicios profesionales de auditoria, contabilidad, impuestos, asesor\u00eda financiera.\u00a0<\/span><\/p>\n<p data-start=\"20\" data-end=\"467\"><strong data-start=\"32\" data-end=\"65\">Herrera Silva Contadores S.C.<\/strong> naci\u00f3 con el objetivo de ofrecer servicios profesionales y confiables a empresas y personas que necesitan un buen manejo de sus finanzas. Desde sus inicios, el despacho se enfoc\u00f3 en brindar apoyo especializado en \u00e1reas clave como <strong data-start=\"296\" data-end=\"356\">auditor\u00eda, contabilidad, impuestos y asesor\u00eda financiera<\/strong>, ayudando a sus clientes a cumplir correctamente con sus obligaciones y a tomar mejores decisiones econ\u00f3micas.<\/p>\n<p data-start=\"469\" data-end=\"893\" data-is-last-node=\"\" data-is-only-node=\"\">Con el paso del tiempo, Herrera Silva Contadores S.C. ha consolidado su experiencia y compromiso, ofreciendo soluciones contables integrales y adapt\u00e1ndose a las necesidades cambiantes del entorno empresarial. Gracias a su profesionalismo y dedicaci\u00f3n, el despacho se ha convertido en un aliado estrat\u00e9gico para sus clientes, contribuyendo al crecimiento y estabilidad financiera de los negocios que conf\u00edan en sus servicios.<\/p>\n<\/div><\/div><\/div><\/div><div class=\"wpb_column vc_column_container us_custom_b55975ba hide_on_tablets hide_on_mobiles has_bg_color\"><div class=\"vc_column-inner\"><\/div><\/div><\/div><\/div><\/section><section class=\"l-section wpb_row height_auto width_full\"><div class=\"l-section-h i-cf\"><div class=\"g-cols vc_row via_grid cols_2-1 laptops-cols_inherit tablets-cols_1 mobiles-cols_1 valign_top type_default stacking_default\" style=\"--columns-gap:0rem;\"><div class=\"wpb_column vc_column_container us_custom_8f4479a9\"><div class=\"vc_column-inner\"><div class=\"g-cols wpb_row via_grid cols_2-3 laptops-cols_1 tablets-cols_inherit mobiles-cols_1 valign_middle type_default reversed stacking_default\" style=\"--columns-gap:3rem;\"><div class=\"wpb_column vc_column_container\"><div class=\"vc_column-inner\"><h2 class=\"w-text\"><span class=\"w-text-h\"><span class=\"w-text-value\">Misi\u00f3n y Visi\u00f3n<\/span><\/span><\/h2><div class=\"wpb_text_column\"><div class=\"wpb_wrapper\"><p><strong>Misi\u00f3n<\/strong><br \/>\nImpulsar la estabilidad y el crecimiento financiero de personas f\u00edsicas y morales mediante asesor\u00eda contable y fiscal estrat\u00e9gica, clara y oportuna, generando confianza y valor a largo plazo en cada cliente que atendemos.<\/p>\n<p><strong>Visi\u00f3n<\/strong><br \/>\nPosicionarnos como el despacho contable de referencia en el norte de M\u00e9xico, destac\u00e1ndonos por nuestra cercan\u00eda, innovaci\u00f3n, cumplimiento normativo y enfoque preventivo en materia fiscal y financiera.<\/p>\n<\/div><\/div><div class=\"w-separator size_medium\"><\/div><\/div><\/div><div class=\"wpb_column vc_column_container\"><div class=\"vc_column-inner\"><div class=\"w-image us_custom_3b26f501 has_ratio align_none\"><div class=\"w-image-h\"><div style=\"padding-bottom:100%\"><\/div><img decoding=\"async\" width=\"1024\" height=\"683\" src=\"https:\/\/herrerasilvacontadores.com\/sitioweb\/wp-content\/uploads\/2026\/03\/6-1024x683.jpg\" class=\"attachment-large size-large\" alt=\"\" loading=\"lazy\" \/><\/div><\/div><\/div><\/div><\/div><\/div><\/div><div class=\"wpb_column vc_column_container us_custom_15100fd7 hide_on_tablets hide_on_mobiles has_bg_color\"><div class=\"vc_column-inner\"><\/div><\/div><\/div><\/div><\/section><section class=\"l-section wpb_row height_auto width_full\"><div class=\"l-section-h i-cf\"><div class=\"g-cols vc_row via_grid cols_3 laptops-cols_inherit tablets-cols_1 mobiles-cols_1 valign_top type_default stacking_default\" style=\"--columns-gap:0rem;\"><div class=\"wpb_column vc_column_container us_custom_6b939c2c hide_on_tablets hide_on_mobiles has_bg_color\"><div class=\"vc_column-inner\"><\/div><\/div><\/div><\/div><\/section>\n","protected":false},"excerpt":{"rendered":"","protected":false},"author":1,"featured_media":343,"parent":0,"menu_order":0,"comment_status":"closed","ping_status":"closed","template":"","meta":{"pagelayer_contact_templates":[],"_pagelayer_content":"","footnotes":""},"class_list":["post-11","page","type-page","status-publish","has-post-thumbnail","hentry"],"_links":{"self":[{"href":"https:\/\/herrerasilvacontadores.com\/sitioweb\/wp-json\/wp\/v2\/pages\/11","targetHints":{"allow":["GET"]}}],"collection":[{"href":"https:\/\/herrerasilvacontadores.com\/sitioweb\/wp-json\/wp\/v2\/pages"}],"about":[{"href":"https:\/\/herrerasilvacontadores.com\/sitioweb\/wp-json\/wp\/v2\/types\/page"}],"author":[{"embeddable":true,"href":"https:\/\/herrerasilvacontadores.com\/sitioweb\/wp-json\/wp\/v2\/users\/1"}],"replies":[{"embeddable":true,"href":"https:\/\/herrerasilvacontadores.com\/sitioweb\/wp-json\/wp\/v2\/comments?post=11"}],"version-history":[{"count":17,"href":"https:\/\/herrerasilvacontadores.com\/sitioweb\/wp-json\/wp\/v2\/pages\/11\/revisions"}],"predecessor-version":[{"id":377,"href":"https:\/\/herrerasilvacontadores.com\/sitioweb\/wp-json\/wp\/v2\/pages\/11\/revisions\/377"}],"wp:featuredmedia":[{"embeddable":true,"href":"https:\/\/herrerasilvacontadores.com\/sitioweb\/wp-json\/wp\/v2\/media\/343"}],"wp:attachment":[{"href":"https:\/\/herrerasilvacontadores.com\/sitioweb\/wp-json\/wp\/v2\/media?parent=11"}],"curies":[{"name":"wp","href":"https:\/\/api.w.org\/{rel}","templated":true}]}}